{"id":596,"date":"2024-01-05T00:39:48","date_gmt":"2024-01-05T00:39:48","guid":{"rendered":"https:\/\/amexyt.org\/?page_id=596"},"modified":"2024-01-06T19:37:45","modified_gmt":"2024-01-06T19:37:45","slug":"beneficios","status":"publish","type":"page","link":"https:\/\/amexyt.org\/tr\/beneficios\/","title":{"rendered":"Yararlar"},"content":{"rendered":"<div data-elementor-type=\"wp-page\" data-elementor-id=\"596\" class=\"elementor elementor-596\">\n\t\t\t\t\t\t<section class=\"elementor-section elementor-top-section elementor-element elementor-element-d18c7d8 elementor-section-boxed elementor-section-height-default elementor-section-height-default\" data-id=\"d18c7d8\" data-element_type=\"section\" data-settings=\"{&quot;background_background&quot;:&quot;classic&quot;}\">\n\t\t\t\t\t\t\t<div class=\"elementor-background-overlay\"><\/div>\n\t\t\t\t\t\t\t<div class=\"elementor-container elementor-column-gap-default\">\n\t\t\t\t\t<div class=\"elementor-column elementor-col-100 elementor-top-column elementor-element elementor-element-f1d9870\" data-id=\"f1d9870\" data-element_type=\"column\">\n\t\t\t<div class=\"elementor-widget-wrap elementor-element-populated\">\n\t\t\t\t\t\t<div class=\"elementor-element elementor-element-bbb4793 elementor-widget elementor-widget-elementskit-heading\" data-id=\"bbb4793\" data-element_type=\"widget\" data-widget_type=\"elementskit-heading.default\">\n\t\t\t\t<div class=\"elementor-widget-container\">\n\t\t\t\t\t<div class=\"ekit-wid-con\" ><div class=\"ekit-heading elementskit-section-title-wraper center   ekit_heading_tablet-   ekit_heading_mobile-\"><h2 class=\"ekit-heading--title elementskit-section-title\">Yararlar<\/h2><\/div><\/div>\t\t\t\t<\/div>\n\t\t\t\t<\/div>\n\t\t\t\t\t<\/div>\n\t\t<\/div>\n\t\t\t\t\t<\/div>\n\t\t<\/section>\n\t\t<div class=\"elementor-element elementor-element-e2445df e-flex e-con-boxed e-con e-parent\" data-id=\"e2445df\" data-element_type=\"container\">\n\t\t\t\t\t<div class=\"e-con-inner\">\n\t\t\t\t<div class=\"elementor-element elementor-element-dae8ccb elementor-widget elementor-widget-spacer\" data-id=\"dae8ccb\" data-element_type=\"widget\" data-widget_type=\"spacer.default\">\n\t\t\t\t<div class=\"elementor-widget-container\">\n\t\t\t\t\t\t\t<div class=\"elementor-spacer\">\n\t\t\t<div class=\"elementor-spacer-inner\"><\/div>\n\t\t<\/div>\n\t\t\t\t\t\t<\/div>\n\t\t\t\t<\/div>\n\t\t\t\t<div class=\"elementor-element elementor-element-90f76d5 elementor-widget elementor-widget-text-editor\" data-id=\"90f76d5\" data-element_type=\"widget\" data-widget_type=\"text-editor.default\">\n\t\t\t\t<div class=\"elementor-widget-container\">\n\t\t\t\t\t\t\t\t\t<h3>Al afiliarse a AMEXYT los socios pueden acceder a los siguientes beneficios<\/h3>\t\t\t\t\t\t\t\t<\/div>\n\t\t\t\t<\/div>\n\t\t\t\t\t<\/div>\n\t\t\t\t<\/div>\n\t\t<div class=\"elementor-element elementor-element-029b616 e-flex e-con-boxed e-con e-parent\" data-id=\"029b616\" data-element_type=\"container\">\n\t\t\t\t\t<div class=\"e-con-inner\">\n\t\t<div class=\"elementor-element elementor-element-9a6564e e-con-full e-flex e-con e-child\" data-id=\"9a6564e\" data-element_type=\"container\">\n\t\t\t\t<div class=\"elementor-element elementor-element-6edd61a elementor-widget elementor-widget-image\" data-id=\"6edd61a\" data-element_type=\"widget\" data-widget_type=\"image.default\">\n\t\t\t\t<div class=\"elementor-widget-container\">\n\t\t\t\t\t\t\t\t\t\t\t\t\t\t\t<img decoding=\"async\" width=\"150\" height=\"150\" src=\"https:\/\/amexyt.org\/wp-content\/uploads\/2024\/01\/interchange-150x150.png\" class=\"attachment-thumbnail size-thumbnail wp-image-633\" alt=\"\" srcset=\"https:\/\/amexyt.org\/wp-content\/uploads\/2024\/01\/interchange-150x150.png 150w, https:\/\/amexyt.org\/wp-content\/uploads\/2024\/01\/interchange-300x300.png 300w, https:\/\/amexyt.org\/wp-content\/uploads\/2024\/01\/interchange-12x12.png 12w, https:\/\/amexyt.org\/wp-content\/uploads\/2024\/01\/interchange.png 512w\" sizes=\"(max-width: 150px) 100vw, 150px\" \/>\t\t\t\t\t\t\t\t\t\t\t\t\t\t\t<\/div>\n\t\t\t\t<\/div>\n\t\t\t\t<\/div>\n\t\t<div class=\"elementor-element elementor-element-98c5aa0 e-con-full e-flex e-con e-child\" data-id=\"98c5aa0\" data-element_type=\"container\">\n\t\t\t\t<div class=\"elementor-element elementor-element-b5f63f9 elementor-widget elementor-widget-image\" data-id=\"b5f63f9\" data-element_type=\"widget\" data-widget_type=\"image.default\">\n\t\t\t\t<div class=\"elementor-widget-container\">\n\t\t\t\t\t\t\t\t\t\t\t\t\t\t\t<img decoding=\"async\" width=\"150\" height=\"150\" src=\"https:\/\/amexyt.org\/wp-content\/uploads\/2024\/01\/netoworking-150x150.png\" class=\"attachment-thumbnail size-thumbnail wp-image-635\" alt=\"\" srcset=\"https:\/\/amexyt.org\/wp-content\/uploads\/2024\/01\/netoworking-150x150.png 150w, https:\/\/amexyt.org\/wp-content\/uploads\/2024\/01\/netoworking-300x300.png 300w, https:\/\/amexyt.org\/wp-content\/uploads\/2024\/01\/netoworking-12x12.png 12w, https:\/\/amexyt.org\/wp-content\/uploads\/2024\/01\/netoworking.png 512w\" sizes=\"(max-width: 150px) 100vw, 150px\" \/>\t\t\t\t\t\t\t\t\t\t\t\t\t\t\t<\/div>\n\t\t\t\t<\/div>\n\t\t\t\t<\/div>\n\t\t<div class=\"elementor-element elementor-element-13229c2 e-con-full e-flex e-con e-child\" data-id=\"13229c2\" data-element_type=\"container\">\n\t\t\t\t<div class=\"elementor-element elementor-element-80c058c elementor-widget elementor-widget-text-editor\" data-id=\"80c058c\" data-element_type=\"widget\" data-widget_type=\"text-editor.default\">\n\t\t\t\t<div class=\"elementor-widget-container\">\n\t\t\t\t\t\t\t\t\t<p><strong>Intercambio Comercial<\/strong><\/p><p>AMEXYT facilita el intercambio comercial entre empresas e industrias de M\u00e9xico y Turqu\u00eda al proporcionar una plataforma para establecer conexiones y relaciones comerciales m\u00e1s s\u00f3lidas.<\/p>\t\t\t\t\t\t\t\t<\/div>\n\t\t\t\t<\/div>\n\t\t\t\t<\/div>\n\t\t<div class=\"elementor-element elementor-element-1027e53 e-con-full e-flex e-con e-child\" data-id=\"1027e53\" data-element_type=\"container\">\n\t\t\t\t<div class=\"elementor-element elementor-element-467af3f elementor-widget elementor-widget-text-editor\" data-id=\"467af3f\" data-element_type=\"widget\" data-widget_type=\"text-editor.default\">\n\t\t\t\t<div class=\"elementor-widget-container\">\n\t\t\t\t\t\t\t\t\t<p><strong>Networking<\/strong><\/p><p>Brinda oportunidades para establecer contactos y relaciones con empresarios, profesionales y l\u00edderes de las industrias en ambos pa\u00edses, lo cual resulta beneficioso para el crecimiento y la expansi\u00f3n de los negocios.<\/p>\t\t\t\t\t\t\t\t<\/div>\n\t\t\t\t<\/div>\n\t\t\t\t<\/div>\n\t\t\t\t\t<\/div>\n\t\t\t\t<\/div>\n\t\t<div class=\"elementor-element elementor-element-569d7be e-flex e-con-boxed e-con e-parent\" data-id=\"569d7be\" data-element_type=\"container\">\n\t\t\t\t\t<div class=\"e-con-inner\">\n\t\t<div class=\"elementor-element elementor-element-a449e71 e-con-full e-flex e-con e-child\" data-id=\"a449e71\" data-element_type=\"container\">\n\t\t\t\t<div class=\"elementor-element elementor-element-f8b828d elementor-widget elementor-widget-image\" data-id=\"f8b828d\" data-element_type=\"widget\" data-widget_type=\"image.default\">\n\t\t\t\t<div class=\"elementor-widget-container\">\n\t\t\t\t\t\t\t\t\t\t\t\t\t\t\t<img decoding=\"async\" width=\"150\" height=\"150\" src=\"https:\/\/amexyt.org\/wp-content\/uploads\/2024\/01\/data-exchange-150x150.png\" class=\"attachment-thumbnail size-thumbnail wp-image-643\" alt=\"\" srcset=\"https:\/\/amexyt.org\/wp-content\/uploads\/2024\/01\/data-exchange-150x150.png 150w, https:\/\/amexyt.org\/wp-content\/uploads\/2024\/01\/data-exchange-300x300.png 300w, https:\/\/amexyt.org\/wp-content\/uploads\/2024\/01\/data-exchange-12x12.png 12w, https:\/\/amexyt.org\/wp-content\/uploads\/2024\/01\/data-exchange.png 512w\" sizes=\"(max-width: 150px) 100vw, 150px\" \/>\t\t\t\t\t\t\t\t\t\t\t\t\t\t\t<\/div>\n\t\t\t\t<\/div>\n\t\t\t\t<\/div>\n\t\t<div class=\"elementor-element elementor-element-593e175 e-con-full e-flex e-con e-child\" data-id=\"593e175\" data-element_type=\"container\">\n\t\t\t\t<div class=\"elementor-element elementor-element-4daa10b elementor-widget elementor-widget-image\" data-id=\"4daa10b\" data-element_type=\"widget\" data-widget_type=\"image.default\">\n\t\t\t\t<div class=\"elementor-widget-container\">\n\t\t\t\t\t\t\t\t\t\t\t\t\t\t\t<img loading=\"lazy\" decoding=\"async\" width=\"150\" height=\"150\" src=\"https:\/\/amexyt.org\/wp-content\/uploads\/2024\/01\/deal-150x150.png\" class=\"attachment-thumbnail size-thumbnail wp-image-639\" alt=\"\" srcset=\"https:\/\/amexyt.org\/wp-content\/uploads\/2024\/01\/deal-150x150.png 150w, https:\/\/amexyt.org\/wp-content\/uploads\/2024\/01\/deal-300x300.png 300w, https:\/\/amexyt.org\/wp-content\/uploads\/2024\/01\/deal-12x12.png 12w, https:\/\/amexyt.org\/wp-content\/uploads\/2024\/01\/deal.png 512w\" sizes=\"(max-width: 150px) 100vw, 150px\" \/>\t\t\t\t\t\t\t\t\t\t\t\t\t\t\t<\/div>\n\t\t\t\t<\/div>\n\t\t\t\t<\/div>\n\t\t<div class=\"elementor-element elementor-element-47c8ad7 e-con-full e-flex e-con e-child\" data-id=\"47c8ad7\" data-element_type=\"container\">\n\t\t\t\t<div class=\"elementor-element elementor-element-a6b4ff1 elementor-widget elementor-widget-text-editor\" data-id=\"a6b4ff1\" data-element_type=\"widget\" data-widget_type=\"text-editor.default\">\n\t\t\t\t<div class=\"elementor-widget-container\">\n\t\t\t\t\t\t\t\t\t<p><strong>Acceso a Recursos<\/strong><\/p><p>AMEXYT proporciona recursos y servicios compartidos, como informaci\u00f3n de mercado, investigaciones, asesoramiento legal y apoyo log\u00edstico, lo cual puede ayudar a las empresas a superar barreras y desaf\u00edos en el establecimiento de operaciones comerciales en ambos pa\u00edses.<\/p>\t\t\t\t\t\t\t\t<\/div>\n\t\t\t\t<\/div>\n\t\t\t\t<\/div>\n\t\t<div class=\"elementor-element elementor-element-d5f6639 e-con-full e-flex e-con e-child\" data-id=\"d5f6639\" data-element_type=\"container\">\n\t\t\t\t<div class=\"elementor-element elementor-element-5342dc5 elementor-widget elementor-widget-text-editor\" data-id=\"5342dc5\" data-element_type=\"widget\" data-widget_type=\"text-editor.default\">\n\t\t\t\t<div class=\"elementor-widget-container\">\n\t\t\t\t\t\t\t\t\t<p><strong>Colaboraci\u00f3n e Innovaci\u00f3n<\/strong><\/p><p>Permite la promoci\u00f3n conjunta de productos y servicios, lo cual puede aumentar la visibilidad y presencia en el mercado de ambas partes. Adem\u00e1s, facilita la colaboraci\u00f3n en investigaci\u00f3n y desarrollo, fomentando la innovaci\u00f3n y la adopci\u00f3n de nuevas tecnolog\u00edas que podr\u00edan beneficiar a ambas partes.<\/p>\t\t\t\t\t\t\t\t<\/div>\n\t\t\t\t<\/div>\n\t\t\t\t<\/div>\n\t\t\t\t\t<\/div>\n\t\t\t\t<\/div>\n\t\t<div class=\"elementor-element elementor-element-505e912 e-flex e-con-boxed e-con e-parent\" data-id=\"505e912\" data-element_type=\"container\">\n\t\t\t\t\t<div class=\"e-con-inner\">\n\t\t<div class=\"elementor-element elementor-element-337c20b e-con-full e-flex e-con e-child\" data-id=\"337c20b\" data-element_type=\"container\">\n\t\t\t\t<div class=\"elementor-element elementor-element-e7784af elementor-widget elementor-widget-image\" data-id=\"e7784af\" data-element_type=\"widget\" data-widget_type=\"image.default\">\n\t\t\t\t<div class=\"elementor-widget-container\">\n\t\t\t\t\t\t\t\t\t\t\t\t\t\t\t<img loading=\"lazy\" decoding=\"async\" width=\"150\" height=\"150\" src=\"https:\/\/amexyt.org\/wp-content\/uploads\/2024\/01\/international-150x150.png\" class=\"attachment-thumbnail size-thumbnail wp-image-651\" alt=\"\" srcset=\"https:\/\/amexyt.org\/wp-content\/uploads\/2024\/01\/international-150x150.png 150w, https:\/\/amexyt.org\/wp-content\/uploads\/2024\/01\/international-300x300.png 300w, https:\/\/amexyt.org\/wp-content\/uploads\/2024\/01\/international-12x12.png 12w, https:\/\/amexyt.org\/wp-content\/uploads\/2024\/01\/international.png 512w\" sizes=\"(max-width: 150px) 100vw, 150px\" \/>\t\t\t\t\t\t\t\t\t\t\t\t\t\t\t<\/div>\n\t\t\t\t<\/div>\n\t\t\t\t<\/div>\n\t\t<div class=\"elementor-element elementor-element-de5c457 e-con-full e-flex e-con e-child\" data-id=\"de5c457\" data-element_type=\"container\">\n\t\t\t\t<div class=\"elementor-element elementor-element-e962311 elementor-widget elementor-widget-image\" data-id=\"e962311\" data-element_type=\"widget\" data-widget_type=\"image.default\">\n\t\t\t\t<div class=\"elementor-widget-container\">\n\t\t\t\t\t\t\t\t\t\t\t\t\t\t\t<img loading=\"lazy\" decoding=\"async\" width=\"150\" height=\"150\" src=\"https:\/\/amexyt.org\/wp-content\/uploads\/2024\/01\/online-learning-150x150.png\" class=\"attachment-thumbnail size-thumbnail wp-image-647\" alt=\"\" srcset=\"https:\/\/amexyt.org\/wp-content\/uploads\/2024\/01\/online-learning-150x150.png 150w, https:\/\/amexyt.org\/wp-content\/uploads\/2024\/01\/online-learning-300x300.png 300w, https:\/\/amexyt.org\/wp-content\/uploads\/2024\/01\/online-learning-12x12.png 12w, https:\/\/amexyt.org\/wp-content\/uploads\/2024\/01\/online-learning.png 512w\" sizes=\"(max-width: 150px) 100vw, 150px\" \/>\t\t\t\t\t\t\t\t\t\t\t\t\t\t\t<\/div>\n\t\t\t\t<\/div>\n\t\t\t\t<\/div>\n\t\t<div class=\"elementor-element elementor-element-97b6a2f e-con-full e-flex e-con e-child\" data-id=\"97b6a2f\" data-element_type=\"container\">\n\t\t\t\t<div class=\"elementor-element elementor-element-4e1f8d9 elementor-widget elementor-widget-text-editor\" data-id=\"4e1f8d9\" data-element_type=\"widget\" data-widget_type=\"text-editor.default\">\n\t\t\t\t<div class=\"elementor-widget-container\">\n\t\t\t\t\t\t\t\t\t<p><strong>Asesor\u00eda en Negocios Internacionales<\/strong><\/p><p>Ayuda a las empresas para comprender y superar las barreras culturales, legales y comerciales que pueden surgir al realizar negocios en un entorno internacional. Esto incluye guiar a las empresas en la elaboraci\u00f3n de estrategias efectivas para expandirse en los mercados internacionales y maximizar su potencial de crecimiento.<\/p>\t\t\t\t\t\t\t\t<\/div>\n\t\t\t\t<\/div>\n\t\t\t\t<\/div>\n\t\t<div class=\"elementor-element elementor-element-50f6743 e-con-full e-flex e-con e-child\" data-id=\"50f6743\" data-element_type=\"container\">\n\t\t\t\t<div class=\"elementor-element elementor-element-3a71457 elementor-widget elementor-widget-text-editor\" data-id=\"3a71457\" data-element_type=\"widget\" data-widget_type=\"text-editor.default\">\n\t\t\t\t<div class=\"elementor-widget-container\">\n\t\t\t\t\t\t\t\t\t<p><strong>Formaci\u00f3n y Capacitaci\u00f3n<\/strong><\/p><p>AMEXYT ofrece programas de formaci\u00f3n y capacitaci\u00f3n para mejorar las habilidades y conocimientos de los empresarios y profesionales en temas relacionados con el comercio internacional, la gesti\u00f3n empresarial y la negociaci\u00f3n.<\/p>\t\t\t\t\t\t\t\t<\/div>\n\t\t\t\t<\/div>\n\t\t\t\t<\/div>\n\t\t\t\t\t<\/div>\n\t\t\t\t<\/div>\n\t\t<div class=\"elementor-element elementor-element-2e334bd e-flex e-con-boxed e-con e-parent\" data-id=\"2e334bd\" data-element_type=\"container\">\n\t\t\t\t\t<div class=\"e-con-inner\">\n\t\t\t\t<div class=\"elementor-element elementor-element-7f5d458 elementor-widget elementor-widget-image\" data-id=\"7f5d458\" data-element_type=\"widget\" data-widget_type=\"image.default\">\n\t\t\t\t<div class=\"elementor-widget-container\">\n\t\t\t\t\t\t\t\t\t\t\t\t\t\t\t<img loading=\"lazy\" decoding=\"async\" width=\"150\" height=\"150\" src=\"https:\/\/amexyt.org\/wp-content\/uploads\/2024\/01\/promotion-150x150.png\" class=\"attachment-thumbnail size-thumbnail wp-image-656\" alt=\"\" srcset=\"https:\/\/amexyt.org\/wp-content\/uploads\/2024\/01\/promotion-150x150.png 150w, https:\/\/amexyt.org\/wp-content\/uploads\/2024\/01\/promotion-300x300.png 300w, https:\/\/amexyt.org\/wp-content\/uploads\/2024\/01\/promotion-12x12.png 12w, https:\/\/amexyt.org\/wp-content\/uploads\/2024\/01\/promotion.png 512w\" sizes=\"(max-width: 150px) 100vw, 150px\" \/>\t\t\t\t\t\t\t\t\t\t\t\t\t\t\t<\/div>\n\t\t\t\t<\/div>\n\t\t\t\t<div class=\"elementor-element elementor-element-ac74af0 elementor-widget elementor-widget-text-editor\" data-id=\"ac74af0\" data-element_type=\"widget\" data-widget_type=\"text-editor.default\">\n\t\t\t\t<div class=\"elementor-widget-container\">\n\t\t\t\t\t\t\t\t\t<p><strong>Promoci\u00f3n de Negocios<\/strong><\/p><p>Oportunidades de promoci\u00f3n y visibilidad para las empresas asociadas, a trav\u00e9s de eventos, ferias comerciales, publicidad y marketing en diferentes canales, lo cual puede ayudar a aumentar su alcance y atraer nuevos clientes y socios comerciales.<\/p>\t\t\t\t\t\t\t\t<\/div>\n\t\t\t\t<\/div>\n\t\t\t\t\t<\/div>\n\t\t\t\t<\/div>\n\t\t<div class=\"elementor-element elementor-element-dbbfb26 e-flex e-con-boxed e-con e-parent\" data-id=\"dbbfb26\" data-element_type=\"container\">\n\t\t\t\t\t<div class=\"e-con-inner\">\n\t\t\t\t<div class=\"elementor-element elementor-element-5c70c23 elementor-widget elementor-widget-image\" data-id=\"5c70c23\" data-element_type=\"widget\" data-widget_type=\"image.default\">\n\t\t\t\t<div class=\"elementor-widget-container\">\n\t\t\t\t\t\t\t\t\t\t\t\t\t\t\t<img loading=\"lazy\" decoding=\"async\" width=\"300\" height=\"300\" src=\"https:\/\/amexyt.org\/wp-content\/uploads\/2023\/12\/AMEXYT-original-1-300x300.png\" class=\"attachment-medium size-medium wp-image-571\" alt=\"\" srcset=\"https:\/\/amexyt.org\/wp-content\/uploads\/2023\/12\/AMEXYT-original-1-300x300.png 300w, https:\/\/amexyt.org\/wp-content\/uploads\/2023\/12\/AMEXYT-original-1-1024x1024.png 1024w, https:\/\/amexyt.org\/wp-content\/uploads\/2023\/12\/AMEXYT-original-1-150x150.png 150w, https:\/\/amexyt.org\/wp-content\/uploads\/2023\/12\/AMEXYT-original-1-768x767.png 768w, https:\/\/amexyt.org\/wp-content\/uploads\/2023\/12\/AMEXYT-original-1-12x12.png 12w, https:\/\/amexyt.org\/wp-content\/uploads\/2023\/12\/AMEXYT-original-1-600x599.png 600w, https:\/\/amexyt.org\/wp-content\/uploads\/2023\/12\/AMEXYT-original-1-100x100.png 100w, https:\/\/amexyt.org\/wp-content\/uploads\/2023\/12\/AMEXYT-original-1.png 1081w\" sizes=\"(max-width: 300px) 100vw, 300px\" \/>\t\t\t\t\t\t\t\t\t\t\t\t\t\t\t<\/div>\n\t\t\t\t<\/div>\n\t\t<div class=\"elementor-element elementor-element-e894726 e-flex e-con-boxed e-con e-child\" data-id=\"e894726\" data-element_type=\"container\">\n\t\t\t\t\t<div class=\"e-con-inner\">\n\t\t\t\t<div class=\"elementor-element elementor-element-7bb82e2 elementor-view-stacked elementor-shape-circle elementor-widget elementor-widget-icon\" data-id=\"7bb82e2\" data-element_type=\"widget\" data-widget_type=\"icon.default\">\n\t\t\t\t<div class=\"elementor-widget-container\">\n\t\t\t\t\t\t\t<div class=\"elementor-icon-wrapper\">\n\t\t\t<a class=\"elementor-icon\" href=\"https:\/\/instagram.com\/amexyt_?igshid=MzMyNGUyNmU2YQ==%20\">\n\t\t\t<svg aria-hidden=\"true\" class=\"e-font-icon-svg e-fab-instagram\" viewbox=\"0 0 448 512\" xmlns=\"http:\/\/www.w3.org\/2000\/svg\"><path d=\"M224.1 141c-63.6 0-114.9 51.3-114.9 114.9s51.3 114.9 114.9 114.9S339 319.5 339 255.9 287.7 141 224.1 141zm0 189.6c-41.1 0-74.7-33.5-74.7-74.7s33.5-74.7 74.7-74.7 74.7 33.5 74.7 74.7-33.6 74.7-74.7 74.7zm146.4-194.3c0 14.9-12 26.8-26.8 26.8-14.9 0-26.8-12-26.8-26.8s12-26.8 26.8-26.8 26.8 12 26.8 26.8zm76.1 27.2c-1.7-35.9-9.9-67.7-36.2-93.9-26.2-26.2-58-34.4-93.9-36.2-37-2.1-147.9-2.1-184.9 0-35.8 1.7-67.6 9.9-93.9 36.1s-34.4 58-36.2 93.9c-2.1 37-2.1 147.9 0 184.9 1.7 35.9 9.9 67.7 36.2 93.9s58 34.4 93.9 36.2c37 2.1 147.9 2.1 184.9 0 35.9-1.7 67.7-9.9 93.9-36.2 26.2-26.2 34.4-58 36.2-93.9 2.1-37 2.1-147.8 0-184.8zM398.8 388c-7.8 19.6-22.9 34.7-42.6 42.6-29.5 11.7-99.5 9-132.1 9s-102.7 2.6-132.1-9c-19.6-7.8-34.7-22.9-42.6-42.6-11.7-29.5-9-99.5-9-132.1s-2.6-102.7 9-132.1c7.8-19.6 22.9-34.7 42.6-42.6 29.5-11.7 99.5-9 132.1-9s102.7-2.6 132.1 9c19.6 7.8 34.7 22.9 42.6 42.6 11.7 29.5 9 99.5 9 132.1s2.7 102.7-9 132.1z\"><\/path><\/svg>\t\t\t<\/a>\n\t\t<\/div>\n\t\t\t\t\t\t<\/div>\n\t\t\t\t<\/div>\n\t\t\t\t<div class=\"elementor-element elementor-element-445d57a elementor-view-stacked elementor-shape-circle elementor-widget elementor-widget-icon\" data-id=\"445d57a\" data-element_type=\"widget\" data-widget_type=\"icon.default\">\n\t\t\t\t<div class=\"elementor-widget-container\">\n\t\t\t\t\t\t\t<div class=\"elementor-icon-wrapper\">\n\t\t\t<a class=\"elementor-icon\" href=\"https:\/\/www.threads.net\/@amexyt_\">\n\t\t\t<svg aria-hidden=\"true\" class=\"e-font-icon-svg e-fas-paperclip\" viewbox=\"0 0 448 512\" xmlns=\"http:\/\/www.w3.org\/2000\/svg\"><path d=\"M43.246 466.142c-58.43-60.289-57.341-157.511 1.386-217.581L254.392 34c44.316-45.332 116.351-45.336 160.671 0 43.89 44.894 43.943 117.329 0 162.276L232.214 383.128c-29.855 30.537-78.633 30.111-107.982-.998-28.275-29.97-27.368-77.473 1.452-106.953l143.743-146.835c6.182-6.314 16.312-6.422 22.626-.241l22.861 22.379c6.315 6.182 6.422 16.312.241 22.626L171.427 319.927c-4.932 5.045-5.236 13.428-.648 18.292 4.372 4.634 11.245 4.711 15.688.165l182.849-186.851c19.613-20.062 19.613-52.725-.011-72.798-19.189-19.627-49.957-19.637-69.154 0L90.39 293.295c-34.763 35.56-35.299 93.12-1.191 128.313 34.01 35.093 88.985 35.137 123.058.286l172.06-175.999c6.177-6.319 16.307-6.433 22.626-.256l22.877 22.364c6.319 6.177 6.434 16.307.256 22.626l-172.06 175.998c-59.576 60.938-155.943 60.216-214.77-.485z\"><\/path><\/svg>\t\t\t<\/a>\n\t\t<\/div>\n\t\t\t\t\t\t<\/div>\n\t\t\t\t<\/div>\n\t\t\t\t<div class=\"elementor-element elementor-element-3f8d580 elementor-view-stacked elementor-shape-circle elementor-widget elementor-widget-icon\" data-id=\"3f8d580\" data-element_type=\"widget\" data-widget_type=\"icon.default\">\n\t\t\t\t<div class=\"elementor-widget-container\">\n\t\t\t\t\t\t\t<div class=\"elementor-icon-wrapper\">\n\t\t\t<a class=\"elementor-icon\" href=\"https:\/\/www.facebook.com\/share\/p\/FTMCBgtw5qztTbBj\/?mibextid=ZbWKwL%20\">\n\t\t\t<svg aria-hidden=\"true\" class=\"e-font-icon-svg e-fab-facebook-f\" viewbox=\"0 0 320 512\" xmlns=\"http:\/\/www.w3.org\/2000\/svg\"><path d=\"M279.14 288l14.22-92.66h-88.91v-60.13c0-25.35 12.42-50.06 52.24-50.06h40.42V6.26S260.43 0 225.36 0c-73.22 0-121.08 44.38-121.08 124.72v70.62H22.89V288h81.39v224h100.17V288z\"><\/path><\/svg>\t\t\t<\/a>\n\t\t<\/div>\n\t\t\t\t\t\t<\/div>\n\t\t\t\t<\/div>\n\t\t\t\t<div class=\"elementor-element elementor-element-e254f73 elementor-view-stacked elementor-shape-circle elementor-widget elementor-widget-icon\" data-id=\"e254f73\" data-element_type=\"widget\" data-widget_type=\"icon.default\">\n\t\t\t\t<div class=\"elementor-widget-container\">\n\t\t\t\t\t\t\t<div class=\"elementor-icon-wrapper\">\n\t\t\t<a class=\"elementor-icon\" href=\"https:\/\/x.com\/AMEXYT_AC?t=0LG5HF5qwZNuDIhhJq7ABQ&#038;s=09\">\n\t\t\t<svg aria-hidden=\"true\" class=\"e-font-icon-svg e-fab-twitter\" viewbox=\"0 0 512 512\" xmlns=\"http:\/\/www.w3.org\/2000\/svg\"><path d=\"M459.37 151.716c.325 4.548.325 9.097.325 13.645 0 138.72-105.583 298.558-298.558 298.558-59.452 0-114.68-17.219-161.137-47.106 8.447.974 16.568 1.299 25.34 1.299 49.055 0 94.213-16.568 130.274-44.832-46.132-.975-84.792-31.188-98.112-72.772 6.498.974 12.995 1.624 19.818 1.624 9.421 0 18.843-1.3 27.614-3.573-48.081-9.747-84.143-51.98-84.143-102.985v-1.299c13.969 7.797 30.214 12.67 47.431 13.319-28.264-18.843-46.781-51.005-46.781-87.391 0-19.492 5.197-37.36 14.294-52.954 51.655 63.675 129.3 105.258 216.365 109.807-1.624-7.797-2.599-15.918-2.599-24.04 0-57.828 46.782-104.934 104.934-104.934 30.213 0 57.502 12.67 76.67 33.137 23.715-4.548 46.456-13.32 66.599-25.34-7.798 24.366-24.366 44.833-46.132 57.827 21.117-2.273 41.584-8.122 60.426-16.243-14.292 20.791-32.161 39.308-52.628 54.253z\"><\/path><\/svg>\t\t\t<\/a>\n\t\t<\/div>\n\t\t\t\t\t\t<\/div>\n\t\t\t\t<\/div>\n\t\t\t\t<div class=\"elementor-element elementor-element-256f9df elementor-view-stacked elementor-shape-circle elementor-widget elementor-widget-icon\" data-id=\"256f9df\" data-element_type=\"widget\" data-widget_type=\"icon.default\">\n\t\t\t\t<div class=\"elementor-widget-container\">\n\t\t\t\t\t\t\t<div class=\"elementor-icon-wrapper\">\n\t\t\t<a class=\"elementor-icon\" href=\"https:\/\/youtube.com\/@AMEXYT_?si=ZSegS9vIr6tIp7Fr\">\n\t\t\t<svg aria-hidden=\"true\" class=\"e-font-icon-svg e-fab-youtube\" viewbox=\"0 0 576 512\" xmlns=\"http:\/\/www.w3.org\/2000\/svg\"><path d=\"M549.655 124.083c-6.281-23.65-24.787-42.276-48.284-48.597C458.781 64 288 64 288 64S117.22 64 74.629 75.486c-23.497 6.322-42.003 24.947-48.284 48.597-11.412 42.867-11.412 132.305-11.412 132.305s0 89.438 11.412 132.305c6.281 23.65 24.787 41.5 48.284 47.821C117.22 448 288 448 288 448s170.78 0 213.371-11.486c23.497-6.321 42.003-24.171 48.284-47.821 11.412-42.867 11.412-132.305 11.412-132.305s0-89.438-11.412-132.305zm-317.51 213.508V175.185l142.739 81.205-142.739 81.201z\"><\/path><\/svg>\t\t\t<\/a>\n\t\t<\/div>\n\t\t\t\t\t\t<\/div>\n\t\t\t\t<\/div>\n\t\t\t\t\t<\/div>\n\t\t\t\t<\/div>\n\t\t\t\t\t<\/div>\n\t\t\t\t<\/div>\n\t\t\t\t<\/div>","protected":false},"excerpt":{"rendered":"<p>Beneficios Al afiliarse a AMEXYT los socios pueden acceder a los siguientes beneficios Intercambio Comercial AMEXYT facilita el intercambio comercial entre empresas e industrias de M\u00e9xico y Turqu\u00eda al proporcionar una plataforma para establecer conexiones y relaciones comerciales m\u00e1s s\u00f3lidas. Networking Brinda oportunidades para establecer contactos y relaciones con empresarios, profesionales y l\u00edderes de las [&hellip;]<\/p>","protected":false},"author":1,"featured_media":0,"parent":0,"menu_order":0,"comment_status":"closed","ping_status":"closed","template":"","meta":{"footnotes":""},"class_list":["post-596","page","type-page","status-publish","hentry"],"_links":{"self":[{"href":"https:\/\/amexyt.org\/tr\/wp-json\/wp\/v2\/pages\/596","targetHints":{"allow":["GET"]}}],"collection":[{"href":"https:\/\/amexyt.org\/tr\/wp-json\/wp\/v2\/pages"}],"about":[{"href":"https:\/\/amexyt.org\/tr\/wp-json\/wp\/v2\/types\/page"}],"author":[{"embeddable":true,"href":"https:\/\/amexyt.org\/tr\/wp-json\/wp\/v2\/users\/1"}],"replies":[{"embeddable":true,"href":"https:\/\/amexyt.org\/tr\/wp-json\/wp\/v2\/comments?post=596"}],"version-history":[{"count":40,"href":"https:\/\/amexyt.org\/tr\/wp-json\/wp\/v2\/pages\/596\/revisions"}],"predecessor-version":[{"id":666,"href":"https:\/\/amexyt.org\/tr\/wp-json\/wp\/v2\/pages\/596\/revisions\/666"}],"wp:attachment":[{"href":"https:\/\/amexyt.org\/tr\/wp-json\/wp\/v2\/media?parent=596"}],"curies":[{"name":"wp","href":"https:\/\/api.w.org\/{rel}","templated":true}]}}