{"id":432,"date":"2023-12-15T01:29:48","date_gmt":"2023-12-15T01:29:48","guid":{"rendered":"https:\/\/amexyt.org\/?page_id=432"},"modified":"2024-01-09T01:38:10","modified_gmt":"2024-01-09T01:38:10","slug":"noticias","status":"publish","type":"page","link":"https:\/\/amexyt.org\/tr\/noticias\/","title":{"rendered":"Haberler"},"content":{"rendered":"<div data-elementor-type=\"wp-page\" data-elementor-id=\"432\" class=\"elementor elementor-432\">\n\t\t\t\t\t\t<section class=\"elementor-section elementor-top-section elementor-element elementor-element-965086f elementor-section-boxed elementor-section-height-default elementor-section-height-default\" data-id=\"965086f\" data-element_type=\"section\" data-settings=\"{&quot;background_background&quot;:&quot;classic&quot;}\">\n\t\t\t\t\t\t\t<div class=\"elementor-background-overlay\"><\/div>\n\t\t\t\t\t\t\t<div class=\"elementor-container elementor-column-gap-default\">\n\t\t\t\t\t<div class=\"elementor-column elementor-col-100 elementor-top-column elementor-element elementor-element-efe2ff6\" data-id=\"efe2ff6\" data-element_type=\"column\">\n\t\t\t<div class=\"elementor-widget-wrap elementor-element-populated\">\n\t\t\t\t\t\t<div class=\"elementor-element elementor-element-40fb927 elementor-widget elementor-widget-elementskit-heading\" data-id=\"40fb927\" data-element_type=\"widget\" data-widget_type=\"elementskit-heading.default\">\n\t\t\t\t<div class=\"elementor-widget-container\">\n\t\t\t\t\t<div class=\"ekit-wid-con\" ><div class=\"ekit-heading elementskit-section-title-wraper center   ekit_heading_tablet-   ekit_heading_mobile-\"><h2 class=\"ekit-heading--title elementskit-section-title\">Haberler<\/h2><\/div><\/div>\t\t\t\t<\/div>\n\t\t\t\t<\/div>\n\t\t\t\t\t<\/div>\n\t\t<\/div>\n\t\t\t\t\t<\/div>\n\t\t<\/section>\n\t\t\t\t<section class=\"elementor-section elementor-top-section elementor-element elementor-element-39d0a6e7 elementor-section-boxed elementor-section-height-default elementor-section-height-default\" data-id=\"39d0a6e7\" data-element_type=\"section\">\n\t\t\t\t\t\t<div class=\"elementor-container elementor-column-gap-no\">\n\t\t\t\t\t<div class=\"elementor-column elementor-col-100 elementor-top-column elementor-element elementor-element-abed68f\" data-id=\"abed68f\" data-element_type=\"column\">\n\t\t\t<div class=\"elementor-widget-wrap elementor-element-populated\">\n\t\t\t\t\t\t<div class=\"elementor-element elementor-element-140e81a elementor-widget elementor-widget-elementskit-blog-posts\" data-id=\"140e81a\" data-element_type=\"widget\" data-widget_type=\"elementskit-blog-posts.default\">\n\t\t\t\t<div class=\"elementor-widget-container\">\n\t\t\t\t\t<div class=\"ekit-wid-con\" >        <div id=\"post-items--140e81a\" class=\"row post-items\">\n                    <div class=\"col-lg-4 col-md-6\">\n\n                                    <div class=\"elementskit-post-image-card\">\n                        <div class=\"elementskit-entry-header\">\n                                                            <a href=\"https:\/\/amexyt.org\/tr\/mexico-se-consolida-como-el-principal-emisor-soberano-a-nivel-global-con-una-emision-de-deuda-por-7500-millones-de-dolares\/\" class=\"elementskit-entry-thumb\">\n                                    <img decoding=\"async\" src=\"https:\/\/amexyt.org\/wp-content\/uploads\/2024\/01\/deuda-mexico.jpg\" alt=\"M\u00e9xico se consolida como el principal emisor soberano a nivel global con una emisi\u00f3n de deuda por 7,500 millones de d\u00f3lares\">\n                                <\/a><!-- .elementskit-entry-thumb END -->\n                                                            \n                            \n\t\t\t\t\t\t\t\t\t\t\t\t\t<\/div><!-- .elementskit-entry-header END -->\n\n\t\t\t\t\t\t<div class=\"elementskit-post-body\">\n\t\t\t\t\t\t\t\n\t\t\t\t\t\t\t\t\t\t\t\t\t\t\t\t\t\t\t\t\t\t\t\t\t\t\t\t\t\t\n\t\t\t\t\t\t\t\t\n\t\t\t\t\t\t\t\t\t\t\t\t\t\t\t\t\t\t\t\t\t<h2 class=\"entry-title\">\n\t\t\t\t\t<a href=\"https:\/\/amexyt.org\/tr\/mexico-se-consolida-como-el-principal-emisor-soberano-a-nivel-global-con-una-emision-de-deuda-por-7500-millones-de-dolares\/\">\n\t\t\t\t\t\tM\u00e9xico se consolida como el principal emisor soberano a nivel global con una emisi\u00f3n de deuda por 7,500 millones de d\u00f3lares\t\t\t\t\t<\/a>\n\t\t\t\t<\/h2>\n\t\t\t\t\t\t\t\t\t\t\t\t\t\t\t\t\t\t\t\t\t\t\t\t\t\t\t\t\t\t\t\t\t\t\t\t\t\t\t\t\t\t<p>M\u00e9xico se consolida como el principal emisor soberano a nivel global con una emisi\u00f3n de deuda por 7,500 millones de d\u00f3lares M\u00e9xico ha inaugurado exitosamente los mercados financieros internacionales al llevar a cabo una emisi\u00f3n de deuda por un total de 7,500 millones de d\u00f3lares. Esta colocaci\u00f3n la posiciona como el mayor emisor soberano en [&hellip;]<\/p>\n\t\t\t\t\t\t\t\t\t\t\t\t\t\t\t\t\t\t\t\t\t\t                                                            <div class=\"btn-wraper\">\n                                    \n                                                                            <a class=\"elementskit-btn whitespace--normal\" id=\"\" href=\"https:\/\/amexyt.org\/tr\/mexico-se-consolida-como-el-principal-emisor-soberano-a-nivel-global-con-una-emision-de-deuda-por-7500-millones-de-dolares\/\">\n                                        \t                                            Learn more                                         <\/a>\n                                                                    <\/div>\n                                                    <\/div><!-- .elementskit-post-body END -->\n                    <\/div>\n                \n            <\/div>\n                    <div class=\"col-lg-4 col-md-6\">\n\n                                    <div class=\"elementskit-post-image-card\">\n                        <div class=\"elementskit-entry-header\">\n                                                            <a href=\"https:\/\/amexyt.org\/tr\/2023-fue-el-ano-con-el-nivel-mas-alto-de-ventas-de-automoviles-en-los-ultimos-5-anos-para-mexico\/\" class=\"elementskit-entry-thumb\">\n                                    <img decoding=\"async\" src=\"https:\/\/amexyt.org\/wp-content\/uploads\/2024\/01\/ventas-de-automoviles.jpg\" alt=\"2023 fue el a\u00f1o con el nivel m\u00e1s alto de ventas de autom\u00f3viles en los \u00faltimos 5 a\u00f1os para M\u00e9xico\">\n                                <\/a><!-- .elementskit-entry-thumb END -->\n                                                            \n                            \n\t\t\t\t\t\t\t\t\t\t\t\t\t<\/div><!-- .elementskit-entry-header END -->\n\n\t\t\t\t\t\t<div class=\"elementskit-post-body\">\n\t\t\t\t\t\t\t\n\t\t\t\t\t\t\t\t\t\t\t\t\t\t\t\t\t\t\t\t\t\t\t\t\t\t\t\t\t\t\n\t\t\t\t\t\t\t\t\n\t\t\t\t\t\t\t\t\t\t\t\t\t\t\t\t\t\t\t\t\t<h2 class=\"entry-title\">\n\t\t\t\t\t<a href=\"https:\/\/amexyt.org\/tr\/2023-fue-el-ano-con-el-nivel-mas-alto-de-ventas-de-automoviles-en-los-ultimos-5-anos-para-mexico\/\">\n\t\t\t\t\t\t2023 fue el a\u00f1o con el nivel m\u00e1s alto de ventas de autom\u00f3viles en los \u00faltimos 5 a\u00f1os para M\u00e9xico\t\t\t\t\t<\/a>\n\t\t\t\t<\/h2>\n\t\t\t\t\t\t\t\t\t\t\t\t\t\t\t\t\t\t\t\t\t\t\t\t\t\t\t\t\t\t\t\t\t\t\t\t\t\t\t\t\t\t<p>2023 fue el a\u00f1o con el nivel m\u00e1s alto de ventas de autom\u00f3viles en los \u00faltimos 5 a\u00f1os para M\u00e9xico Al concluir el a\u00f1o 2023, M\u00e9xico report\u00f3 un r\u00e9cord en ventas de veh\u00edculos ligeros, con un total de 1,361,433 unidades comercializadas, marcando el nivel m\u00e1s alto en los \u00faltimos cinco a\u00f1os, seg\u00fan datos proporcionados por [&hellip;]<\/p>\n\t\t\t\t\t\t\t\t\t\t\t\t\t\t\t\t\t\t\t\t\t\t                                                            <div class=\"btn-wraper\">\n                                    \n                                                                            <a class=\"elementskit-btn whitespace--normal\" id=\"\" href=\"https:\/\/amexyt.org\/tr\/2023-fue-el-ano-con-el-nivel-mas-alto-de-ventas-de-automoviles-en-los-ultimos-5-anos-para-mexico\/\">\n                                        \t                                            Learn more                                         <\/a>\n                                                                    <\/div>\n                                                    <\/div><!-- .elementskit-post-body END -->\n                    <\/div>\n                \n            <\/div>\n                    <div class=\"col-lg-4 col-md-6\">\n\n                                    <div class=\"elementskit-post-image-card\">\n                        <div class=\"elementskit-entry-header\">\n                                                            <a href=\"https:\/\/amexyt.org\/tr\/elementor-585\/\" class=\"elementskit-entry-thumb\">\n                                    <img decoding=\"async\" src=\"https:\/\/amexyt.org\/wp-content\/uploads\/2024\/01\/noticia1.jpg\" alt=\"Sobre la decisi\u00f3n del Banco Central de Turqu\u00eda de ofrecer una subida de tipos m\u00e1s baja y sus implicaciones para la econom\u00eda del pa\u00eds\">\n                                <\/a><!-- .elementskit-entry-thumb END -->\n                                                            \n                            \n\t\t\t\t\t\t\t\t\t\t\t\t\t<\/div><!-- .elementskit-entry-header END -->\n\n\t\t\t\t\t\t<div class=\"elementskit-post-body\">\n\t\t\t\t\t\t\t\n\t\t\t\t\t\t\t\t\t\t\t\t\t\t\t\t\t\t\t\t\t\t\t\t\t\t\t\t\t\t\n\t\t\t\t\t\t\t\t\n\t\t\t\t\t\t\t\t\t\t\t\t\t\t\t\t\t\t\t\t\t<h2 class=\"entry-title\">\n\t\t\t\t\t<a href=\"https:\/\/amexyt.org\/tr\/elementor-585\/\">\n\t\t\t\t\t\tSobre la decisi\u00f3n del Banco Central de Turqu\u00eda de ofrecer una subida de tipos m\u00e1s baja y sus implicaciones para la econom\u00eda del pa\u00eds\t\t\t\t\t<\/a>\n\t\t\t\t<\/h2>\n\t\t\t\t\t\t\t\t\t\t\t\t\t\t\t\t\t\t\t\t\t\t\t\t\t\t\t\t\t\t\t\t\t\t\t\t\t\t\t\t\t\t<p>Sobre la decisi\u00f3n del Banco Central de Turqu\u00eda de ofrecer una subida de tipos m\u00e1s baja y sus implicaciones para la econom\u00eda del pa\u00eds El 21 de diciembre, el Banco Central de Turqu\u00eda anunci\u00f3 un aumento en las tasas de inter\u00e9s, marcando una se\u00f1al de desaceleraci\u00f3n en su pol\u00edtica monetaria restrictiva dirigida a combatir la [&hellip;]<\/p>\n\t\t\t\t\t\t\t\t\t\t\t\t\t\t\t\t\t\t\t\t\t\t                                                            <div class=\"btn-wraper\">\n                                    \n                                                                            <a class=\"elementskit-btn whitespace--normal\" id=\"\" href=\"https:\/\/amexyt.org\/tr\/elementor-585\/\">\n                                        \t                                            Learn more                                         <\/a>\n                                                                    <\/div>\n                                                    <\/div><!-- .elementskit-post-body END -->\n                    <\/div>\n                \n            <\/div>\n                <\/div>\n       <\/div>\t\t\t\t<\/div>\n\t\t\t\t<\/div>\n\t\t\t\t<div class=\"elementor-element elementor-element-cb647b1 elementor-widget elementor-widget-image\" data-id=\"cb647b1\" data-element_type=\"widget\" data-widget_type=\"image.default\">\n\t\t\t\t<div class=\"elementor-widget-container\">\n\t\t\t\t\t\t\t\t\t\t\t\t\t\t\t<img fetchpriority=\"high\" decoding=\"async\" width=\"300\" height=\"300\" src=\"https:\/\/amexyt.org\/wp-content\/uploads\/2023\/12\/AMEXYT-original-1-300x300.png\" class=\"attachment-medium size-medium wp-image-571\" alt=\"\" srcset=\"https:\/\/amexyt.org\/wp-content\/uploads\/2023\/12\/AMEXYT-original-1-300x300.png 300w, https:\/\/amexyt.org\/wp-content\/uploads\/2023\/12\/AMEXYT-original-1-1024x1024.png 1024w, https:\/\/amexyt.org\/wp-content\/uploads\/2023\/12\/AMEXYT-original-1-150x150.png 150w, https:\/\/amexyt.org\/wp-content\/uploads\/2023\/12\/AMEXYT-original-1-768x767.png 768w, https:\/\/amexyt.org\/wp-content\/uploads\/2023\/12\/AMEXYT-original-1-12x12.png 12w, https:\/\/amexyt.org\/wp-content\/uploads\/2023\/12\/AMEXYT-original-1-600x599.png 600w, https:\/\/amexyt.org\/wp-content\/uploads\/2023\/12\/AMEXYT-original-1-100x100.png 100w, https:\/\/amexyt.org\/wp-content\/uploads\/2023\/12\/AMEXYT-original-1.png 1081w\" sizes=\"(max-width: 300px) 100vw, 300px\" \/>\t\t\t\t\t\t\t\t\t\t\t\t\t\t\t<\/div>\n\t\t\t\t<\/div>\n\t\t\t\t\t<\/div>\n\t\t<\/div>\n\t\t\t\t\t<\/div>\n\t\t<\/section>\n\t\t<div class=\"elementor-element elementor-element-25a709d e-flex e-con-boxed e-con e-parent\" data-id=\"25a709d\" data-element_type=\"container\">\n\t\t\t\t\t<div class=\"e-con-inner\">\n\t\t\t\t<div class=\"elementor-element elementor-element-580fb0d elementor-view-stacked elementor-shape-circle elementor-widget elementor-widget-icon\" data-id=\"580fb0d\" data-element_type=\"widget\" data-widget_type=\"icon.default\">\n\t\t\t\t<div class=\"elementor-widget-container\">\n\t\t\t\t\t\t\t<div class=\"elementor-icon-wrapper\">\n\t\t\t<a class=\"elementor-icon\" href=\"https:\/\/instagram.com\/amexyt_?igshid=MzMyNGUyNmU2YQ==%20\">\n\t\t\t<svg aria-hidden=\"true\" class=\"e-font-icon-svg e-fab-instagram\" viewbox=\"0 0 448 512\" xmlns=\"http:\/\/www.w3.org\/2000\/svg\"><path d=\"M224.1 141c-63.6 0-114.9 51.3-114.9 114.9s51.3 114.9 114.9 114.9S339 319.5 339 255.9 287.7 141 224.1 141zm0 189.6c-41.1 0-74.7-33.5-74.7-74.7s33.5-74.7 74.7-74.7 74.7 33.5 74.7 74.7-33.6 74.7-74.7 74.7zm146.4-194.3c0 14.9-12 26.8-26.8 26.8-14.9 0-26.8-12-26.8-26.8s12-26.8 26.8-26.8 26.8 12 26.8 26.8zm76.1 27.2c-1.7-35.9-9.9-67.7-36.2-93.9-26.2-26.2-58-34.4-93.9-36.2-37-2.1-147.9-2.1-184.9 0-35.8 1.7-67.6 9.9-93.9 36.1s-34.4 58-36.2 93.9c-2.1 37-2.1 147.9 0 184.9 1.7 35.9 9.9 67.7 36.2 93.9s58 34.4 93.9 36.2c37 2.1 147.9 2.1 184.9 0 35.9-1.7 67.7-9.9 93.9-36.2 26.2-26.2 34.4-58 36.2-93.9 2.1-37 2.1-147.8 0-184.8zM398.8 388c-7.8 19.6-22.9 34.7-42.6 42.6-29.5 11.7-99.5 9-132.1 9s-102.7 2.6-132.1-9c-19.6-7.8-34.7-22.9-42.6-42.6-11.7-29.5-9-99.5-9-132.1s-2.6-102.7 9-132.1c7.8-19.6 22.9-34.7 42.6-42.6 29.5-11.7 99.5-9 132.1-9s102.7-2.6 132.1 9c19.6 7.8 34.7 22.9 42.6 42.6 11.7 29.5 9 99.5 9 132.1s2.7 102.7-9 132.1z\"><\/path><\/svg>\t\t\t<\/a>\n\t\t<\/div>\n\t\t\t\t\t\t<\/div>\n\t\t\t\t<\/div>\n\t\t\t\t<div class=\"elementor-element elementor-element-69b7ec2 elementor-view-stacked elementor-shape-circle elementor-widget elementor-widget-icon\" data-id=\"69b7ec2\" data-element_type=\"widget\" data-widget_type=\"icon.default\">\n\t\t\t\t<div class=\"elementor-widget-container\">\n\t\t\t\t\t\t\t<div class=\"elementor-icon-wrapper\">\n\t\t\t<a class=\"elementor-icon\" href=\"https:\/\/www.threads.net\/@amexyt_\">\n\t\t\t<svg aria-hidden=\"true\" class=\"e-font-icon-svg e-fas-paperclip\" viewbox=\"0 0 448 512\" xmlns=\"http:\/\/www.w3.org\/2000\/svg\"><path d=\"M43.246 466.142c-58.43-60.289-57.341-157.511 1.386-217.581L254.392 34c44.316-45.332 116.351-45.336 160.671 0 43.89 44.894 43.943 117.329 0 162.276L232.214 383.128c-29.855 30.537-78.633 30.111-107.982-.998-28.275-29.97-27.368-77.473 1.452-106.953l143.743-146.835c6.182-6.314 16.312-6.422 22.626-.241l22.861 22.379c6.315 6.182 6.422 16.312.241 22.626L171.427 319.927c-4.932 5.045-5.236 13.428-.648 18.292 4.372 4.634 11.245 4.711 15.688.165l182.849-186.851c19.613-20.062 19.613-52.725-.011-72.798-19.189-19.627-49.957-19.637-69.154 0L90.39 293.295c-34.763 35.56-35.299 93.12-1.191 128.313 34.01 35.093 88.985 35.137 123.058.286l172.06-175.999c6.177-6.319 16.307-6.433 22.626-.256l22.877 22.364c6.319 6.177 6.434 16.307.256 22.626l-172.06 175.998c-59.576 60.938-155.943 60.216-214.77-.485z\"><\/path><\/svg>\t\t\t<\/a>\n\t\t<\/div>\n\t\t\t\t\t\t<\/div>\n\t\t\t\t<\/div>\n\t\t\t\t<div class=\"elementor-element elementor-element-476b20e elementor-view-stacked elementor-shape-circle elementor-widget elementor-widget-icon\" data-id=\"476b20e\" data-element_type=\"widget\" data-widget_type=\"icon.default\">\n\t\t\t\t<div class=\"elementor-widget-container\">\n\t\t\t\t\t\t\t<div class=\"elementor-icon-wrapper\">\n\t\t\t<a class=\"elementor-icon\" href=\"https:\/\/www.facebook.com\/share\/p\/FTMCBgtw5qztTbBj\/?mibextid=ZbWKwL%20\">\n\t\t\t<svg aria-hidden=\"true\" class=\"e-font-icon-svg e-fab-facebook-f\" viewbox=\"0 0 320 512\" xmlns=\"http:\/\/www.w3.org\/2000\/svg\"><path d=\"M279.14 288l14.22-92.66h-88.91v-60.13c0-25.35 12.42-50.06 52.24-50.06h40.42V6.26S260.43 0 225.36 0c-73.22 0-121.08 44.38-121.08 124.72v70.62H22.89V288h81.39v224h100.17V288z\"><\/path><\/svg>\t\t\t<\/a>\n\t\t<\/div>\n\t\t\t\t\t\t<\/div>\n\t\t\t\t<\/div>\n\t\t\t\t<div class=\"elementor-element elementor-element-245c1e1 elementor-view-stacked elementor-shape-circle elementor-widget elementor-widget-icon\" data-id=\"245c1e1\" data-element_type=\"widget\" data-widget_type=\"icon.default\">\n\t\t\t\t<div class=\"elementor-widget-container\">\n\t\t\t\t\t\t\t<div class=\"elementor-icon-wrapper\">\n\t\t\t<a class=\"elementor-icon\" href=\"https:\/\/x.com\/AMEXYT_AC?t=0LG5HF5qwZNuDIhhJq7ABQ&#038;s=09\">\n\t\t\t<svg aria-hidden=\"true\" class=\"e-font-icon-svg e-fab-twitter\" viewbox=\"0 0 512 512\" xmlns=\"http:\/\/www.w3.org\/2000\/svg\"><path d=\"M459.37 151.716c.325 4.548.325 9.097.325 13.645 0 138.72-105.583 298.558-298.558 298.558-59.452 0-114.68-17.219-161.137-47.106 8.447.974 16.568 1.299 25.34 1.299 49.055 0 94.213-16.568 130.274-44.832-46.132-.975-84.792-31.188-98.112-72.772 6.498.974 12.995 1.624 19.818 1.624 9.421 0 18.843-1.3 27.614-3.573-48.081-9.747-84.143-51.98-84.143-102.985v-1.299c13.969 7.797 30.214 12.67 47.431 13.319-28.264-18.843-46.781-51.005-46.781-87.391 0-19.492 5.197-37.36 14.294-52.954 51.655 63.675 129.3 105.258 216.365 109.807-1.624-7.797-2.599-15.918-2.599-24.04 0-57.828 46.782-104.934 104.934-104.934 30.213 0 57.502 12.67 76.67 33.137 23.715-4.548 46.456-13.32 66.599-25.34-7.798 24.366-24.366 44.833-46.132 57.827 21.117-2.273 41.584-8.122 60.426-16.243-14.292 20.791-32.161 39.308-52.628 54.253z\"><\/path><\/svg>\t\t\t<\/a>\n\t\t<\/div>\n\t\t\t\t\t\t<\/div>\n\t\t\t\t<\/div>\n\t\t\t\t<div class=\"elementor-element elementor-element-c899f75 elementor-view-stacked elementor-shape-circle elementor-widget elementor-widget-icon\" data-id=\"c899f75\" data-element_type=\"widget\" data-widget_type=\"icon.default\">\n\t\t\t\t<div class=\"elementor-widget-container\">\n\t\t\t\t\t\t\t<div class=\"elementor-icon-wrapper\">\n\t\t\t<a class=\"elementor-icon\" href=\"https:\/\/youtube.com\/@AMEXYT_?si=ZSegS9vIr6tIp7Fr\">\n\t\t\t<svg aria-hidden=\"true\" class=\"e-font-icon-svg e-fab-youtube\" viewbox=\"0 0 576 512\" xmlns=\"http:\/\/www.w3.org\/2000\/svg\"><path d=\"M549.655 124.083c-6.281-23.65-24.787-42.276-48.284-48.597C458.781 64 288 64 288 64S117.22 64 74.629 75.486c-23.497 6.322-42.003 24.947-48.284 48.597-11.412 42.867-11.412 132.305-11.412 132.305s0 89.438 11.412 132.305c6.281 23.65 24.787 41.5 48.284 47.821C117.22 448 288 448 288 448s170.78 0 213.371-11.486c23.497-6.321 42.003-24.171 48.284-47.821 11.412-42.867 11.412-132.305 11.412-132.305s0-89.438-11.412-132.305zm-317.51 213.508V175.185l142.739 81.205-142.739 81.201z\"><\/path><\/svg>\t\t\t<\/a>\n\t\t<\/div>\n\t\t\t\t\t\t<\/div>\n\t\t\t\t<\/div>\n\t\t\t\t\t<\/div>\n\t\t\t\t<\/div>\n\t\t\t\t<\/div>","protected":false},"excerpt":{"rendered":"<p>Noticias M\u00e9xico se consolida como el principal emisor soberano a nivel global con una emisi\u00f3n de deuda por 7,500 millones de d\u00f3lares M\u00e9xico se consolida como el principal emisor soberano a nivel global con una emisi\u00f3n de deuda por 7,500 millones de d\u00f3lares M\u00e9xico ha inaugurado exitosamente los mercados financieros internacionales al llevar a cabo [&hellip;]<\/p>","protected":false},"author":1,"featured_media":0,"parent":0,"menu_order":0,"comment_status":"closed","ping_status":"closed","template":"","meta":{"footnotes":""},"class_list":["post-432","page","type-page","status-publish","hentry"],"_links":{"self":[{"href":"https:\/\/amexyt.org\/tr\/wp-json\/wp\/v2\/pages\/432","targetHints":{"allow":["GET"]}}],"collection":[{"href":"https:\/\/amexyt.org\/tr\/wp-json\/wp\/v2\/pages"}],"about":[{"href":"https:\/\/amexyt.org\/tr\/wp-json\/wp\/v2\/types\/page"}],"author":[{"embeddable":true,"href":"https:\/\/amexyt.org\/tr\/wp-json\/wp\/v2\/users\/1"}],"replies":[{"embeddable":true,"href":"https:\/\/amexyt.org\/tr\/wp-json\/wp\/v2\/comments?post=432"}],"version-history":[{"count":40,"href":"https:\/\/amexyt.org\/tr\/wp-json\/wp\/v2\/pages\/432\/revisions"}],"predecessor-version":[{"id":680,"href":"https:\/\/amexyt.org\/tr\/wp-json\/wp\/v2\/pages\/432\/revisions\/680"}],"wp:attachment":[{"href":"https:\/\/amexyt.org\/tr\/wp-json\/wp\/v2\/media?parent=432"}],"curies":[{"name":"wp","href":"https:\/\/api.w.org\/{rel}","templated":true}]}}